{"id":96,"date":"2023-06-15T18:57:47","date_gmt":"2023-06-15T16:57:47","guid":{"rendered":"http:\/\/www.alpeblick.de\/wordpress\/?page_id=96"},"modified":"2025-09-10T18:55:56","modified_gmt":"2025-09-10T16:55:56","slug":"karte-fuer-den-flohmarkt","status":"publish","type":"page","link":"http:\/\/www.alpeblick.de\/wordpress\/index.php\/karte-fuer-den-flohmarkt\/","title":{"rendered":"Karte f\u00fcr den Flohmarkt"},"content":{"rendered":"\n<p><\/p>\n\n\n\n<hr class=\"wp-block-separator has-alpha-channel-opacity\"\/>\n\n\n<p><center><\/p>\n\n\n<p><strong>Interaktive Flohmarktkarte<\/strong><\/p>\n\n\n<p><\/center><\/p>\n\n\n<p>Angemeldete St\u00e4nde (Stand 10.09.2025) interaktiv unter der Google-Maps Liste:<\/p>\n\n\n\n<p><\/p>\n\n\n\n<p><a href=\"https:\/\/maps.app.goo.gl\/rLWVv7ztQ3wwr4tH9\">https:\/\/goo.gl\/maps\/6f9Fo4jbLm6KVFBe6<\/a><\/p>\n\n\n\n<figure class=\"wp-block-image size-full is-resized\"><img loading=\"lazy\" decoding=\"async\" width=\"818\" height=\"562\" src=\"http:\/\/www.alpeblick.de\/wordpress\/wp-content\/uploads\/2023\/08\/How-To.png\" alt=\"\" class=\"wp-image-115\" style=\"width:390px;height:268px\" srcset=\"http:\/\/www.alpeblick.de\/wordpress\/wp-content\/uploads\/2023\/08\/How-To.png 818w, http:\/\/www.alpeblick.de\/wordpress\/wp-content\/uploads\/2023\/08\/How-To-300x206.png 300w, http:\/\/www.alpeblick.de\/wordpress\/wp-content\/uploads\/2023\/08\/How-To-768x528.png 768w\" sizes=\"(max-width: 818px) 100vw, 818px\" \/><\/figure>\n\n\n\n<p>Deine Adresse fehlt? Ist deine Anmeldung komplett gewesen? Teilnahme-Geb\u00fchr entrichtet? Ansonsten melde dich gerne bei uns!<\/p>\n\n\n\n<p>Wir k\u00f6nnen \u00fcbrigens nichts daf\u00fcr, wenn eure Adresse in Google Maps nicht korrekt gelistet wird oder bei Eingabe eurer Adresse ein Nachbarsgrundst\u00fcck angezeigt wird. Dies k\u00f6nnt ihr nur selbst bei Google zur \u00c4nderung beauftragen.<\/p>\n","protected":false},"excerpt":{"rendered":"<p>Interaktive Flohmarktkarte Angemeldete St\u00e4nde (Stand 10.09.2025) interaktiv unter der Google-Maps Liste: https:\/\/goo.gl\/maps\/6f9Fo4jbLm6KVFBe6 Deine Adresse fehlt? Ist deine Anmeldung komplett gewesen? Teilnahme-Geb\u00fchr entrichtet? Ansonsten melde dich gerne bei uns! Wir k\u00f6nnen \u00fcbrigens nichts daf\u00fcr, wenn eure Adresse in Google Maps nicht korrekt gelistet wird oder bei Eingabe eurer Adresse ein Nachbarsgrundst\u00fcck angezeigt wird. Dies k\u00f6nnt ihr [&hellip;]<\/p>\n","protected":false},"author":2,"featured_media":0,"parent":0,"menu_order":0,"comment_status":"closed","ping_status":"closed","template":"","meta":{"footnotes":""},"_links":{"self":[{"href":"http:\/\/www.alpeblick.de\/wordpress\/index.php\/wp-json\/wp\/v2\/pages\/96"}],"collection":[{"href":"http:\/\/www.alpeblick.de\/wordpress\/index.php\/wp-json\/wp\/v2\/pages"}],"about":[{"href":"http:\/\/www.alpeblick.de\/wordpress\/index.php\/wp-json\/wp\/v2\/types\/page"}],"author":[{"embeddable":true,"href":"http:\/\/www.alpeblick.de\/wordpress\/index.php\/wp-json\/wp\/v2\/users\/2"}],"replies":[{"embeddable":true,"href":"http:\/\/www.alpeblick.de\/wordpress\/index.php\/wp-json\/wp\/v2\/comments?post=96"}],"version-history":[{"count":20,"href":"http:\/\/www.alpeblick.de\/wordpress\/index.php\/wp-json\/wp\/v2\/pages\/96\/revisions"}],"predecessor-version":[{"id":192,"href":"http:\/\/www.alpeblick.de\/wordpress\/index.php\/wp-json\/wp\/v2\/pages\/96\/revisions\/192"}],"wp:attachment":[{"href":"http:\/\/www.alpeblick.de\/wordpress\/index.php\/wp-json\/wp\/v2\/media?parent=96"}],"curies":[{"name":"wp","href":"https:\/\/api.w.org\/{rel}","templated":true}]}}